{"id":1207,"date":"2024-02-20T11:21:23","date_gmt":"2024-02-20T09:21:23","guid":{"rendered":"https:\/\/winzerhof-strebel.de\/catalog\/?post_type=product&#038;p=1207"},"modified":"2026-02-25T10:42:59","modified_gmt":"2026-02-25T08:42:59","slug":"2025-gewuerztraminer-spaetlese-05-l-fruchtsuess-becksteiner-kirchberg","status":"publish","type":"product","link":"https:\/\/winzerhof-strebel.de\/catalog\/?product=2025-gewuerztraminer-spaetlese-05-l-fruchtsuess-becksteiner-kirchberg","title":{"rendered":"2025 GEW\u00dcRZTRAMINER, Sp\u00e4tlese, fruchts\u00fc\u00df, 0,5 l, Becksteiner Kirchberg"},"content":{"rendered":"<p>Das Highlight eines Genialen Weinjahrganges 2023<\/p>\n<p>Idealer Dessertwein \u2013 vielschichtig, angenehmer Rosenduft und sch\u00f6ne Fruchts\u00fc\u00dfe<\/p>\n<p>enorme Fruchtf\u00fclle, t\u00e4nzelt durch den Gaumen, honigfeine S\u00fc\u00dfe mit feiner S\u00e4urestruktur<\/p>\n<p>Gaumenspa\u00df f\u00fcr Jung und Junggebliebene \u2013 Kenner und Einsteiger , extrem langanhaltend<\/p>\n<p><strong>Alkohol: 11,0 % vol, S\u00e4ure: 6,1 g\/l, Restzucker: 42,7 g\/l<\/strong><\/p>\n<table border=\"0\" width=\"'60%'\" cellspacing=\"0\" cellpadding=\"0\" align=\"'left'\">\n<tbody>\n<tr>\n<td>Inhalt<\/td>\n<td><strong>0,5 Ltr.<\/strong><\/td>\n<\/tr>\n<tr align=\"LEFT\">\n<td>Preis\/Ltr.<\/td>\n<td><strong>20<\/strong><strong>,00 EUR pro Ltr.<\/strong><\/td>\n<\/tr>\n<tr>\n<td>Weinart:<\/td>\n<td><strong>Wei\u00dfwein<\/strong><\/td>\n<\/tr>\n<tr>\n<td>Qualit\u00e4tsstufe<\/td>\n<td><strong>Sp\u00e4tlese<\/strong><\/td>\n<\/tr>\n<tr>\n<td>Rebsorte<\/td>\n<td><strong>Gew\u00fcrztraminer<\/strong><\/td>\n<\/tr>\n<\/tbody>\n<\/table>\n<table style=\"height: 50px\" border=\"0\" width=\"487\" cellspacing=\"0\" cellpadding=\"0\" align=\"'left'\">\n<tbody>\n<tr>\n<td>Bio:<br \/>\n<strong>NEIN<\/strong><\/td>\n<td><\/td>\n<td>vegan:<br \/>\n<strong>NEIN<\/strong><\/td>\n<td><\/td>\n<td>Ursprungsland:<br \/>\n<strong>Deutschland<\/strong><\/td>\n<td>enth\u00e4lt Allergene:<br \/>\n<strong>Sulfite<\/strong><\/td>\n<td><\/td>\n<td><\/td>\n<\/tr>\n<\/tbody>\n<\/table>\n","protected":false},"excerpt":{"rendered":"<p>Das Highlight eines Genialen Weinjahrganges 2023 Idealer Dessertwein \u2013 vielschichtig, angenehmer Rosenduft und sch\u00f6ne Fruchts\u00fc\u00dfe enorme Fruchtf\u00fclle, t\u00e4nzelt durch den Gaumen, honigfeine S\u00fc\u00dfe mit feiner S\u00e4urestruktur Gaumenspa\u00df f\u00fcr Jung und Junggebliebene \u2013 Kenner und Einsteiger , extrem langanhaltend Alkohol: 11,0 % vol, S\u00e4ure: 6,1 g\/l, Restzucker: 42,7 g\/l Inhalt 0,5 Ltr. Preis\/Ltr. 20,00 EUR pro [&hellip;]<\/p>\n","protected":false},"featured_media":1592,"comment_status":"closed","ping_status":"closed","template":"","meta":[],"product_cat":[23],"product_tag":[93,94,95,42],"_links":{"self":[{"href":"https:\/\/winzerhof-strebel.de\/catalog\/index.php?rest_route=\/wp\/v2\/product\/1207"}],"collection":[{"href":"https:\/\/winzerhof-strebel.de\/catalog\/index.php?rest_route=\/wp\/v2\/product"}],"about":[{"href":"https:\/\/winzerhof-strebel.de\/catalog\/index.php?rest_route=\/wp\/v2\/types\/product"}],"replies":[{"embeddable":true,"href":"https:\/\/winzerhof-strebel.de\/catalog\/index.php?rest_route=%2Fwp%2Fv2%2Fcomments&post=1207"}],"wp:featuredmedia":[{"embeddable":true,"href":"https:\/\/winzerhof-strebel.de\/catalog\/index.php?rest_route=\/wp\/v2\/media\/1592"}],"wp:attachment":[{"href":"https:\/\/winzerhof-strebel.de\/catalog\/index.php?rest_route=%2Fwp%2Fv2%2Fmedia&parent=1207"}],"wp:term":[{"taxonomy":"product_cat","embeddable":true,"href":"https:\/\/winzerhof-strebel.de\/catalog\/index.php?rest_route=%2Fwp%2Fv2%2Fproduct_cat&post=1207"},{"taxonomy":"product_tag","embeddable":true,"href":"https:\/\/winzerhof-strebel.de\/catalog\/index.php?rest_route=%2Fwp%2Fv2%2Fproduct_tag&post=1207"}],"curies":[{"name":"wp","href":"https:\/\/api.w.org\/{rel}","templated":true}]}}