{"id":1243,"date":"2024-03-01T22:47:32","date_gmt":"2024-03-01T20:47:32","guid":{"rendered":"https:\/\/winzerhof-strebel.de\/catalog\/?post_type=product&#038;p=1243"},"modified":"2026-02-25T10:41:09","modified_gmt":"2026-02-25T08:41:09","slug":"2025-muschelkalk-weisswein-trocken-becksteiner-kirchberg-075l-kopie","status":"publish","type":"product","link":"https:\/\/winzerhof-strebel.de\/catalog\/?product=2025-muschelkalk-weisswein-trocken-becksteiner-kirchberg-075l-kopie","title":{"rendered":"2025 &#8222;MUSCHELKALK&#8220; Wei\u00dfwein trocken 0,75l"},"content":{"rendered":"<p>DER HEIMATVERBUNDENE<\/p>\n<p>fruchtig, frischer, leichter Wei\u00dfwein.<\/p>\n<p>Grauer Burgunder, trocken ausgebaut, gepr\u00e4gt von sch\u00f6ner Mineralit\u00e4t von unseren kargen Muschelkalkb\u00f6den &#8211; daher auch der Name.<\/p>\n<p>Unser &#8222;Muschelkalk&#8220; ist aus den Trauben der Vorlese gemacht. Diese werden knackig reif geerntet und ergeben so fruchtig, frischen Weine.<\/p>\n<p>sch\u00f6ne Harmonie zwischen leichter Salzigkeit, Frische, S\u00fc\u00dfe und S\u00e4ure.<\/p>\n<p>&nbsp;<\/p>\n<p><strong>Alkohol: 11,5 % vol, S\u00e4ure: 6,1 g\/l, Restzucker: 5,7 g\/l<\/strong><\/p>\n<table border=\"0\" width=\"'60%'\" cellspacing=\"0\" cellpadding=\"0\" align=\"'left'\">\n<tbody>\n<tr>\n<td>Inhalt<\/td>\n<td><strong>0,75 Ltr.<\/strong><\/td>\n<\/tr>\n<tr align=\"LEFT\">\n<td>Preis\/Ltr.<\/td>\n<td><strong>10,66 EUR pro Ltr.<\/strong><\/td>\n<\/tr>\n<tr>\n<td>Weinart:<\/td>\n<td><strong>Wei\u00dfwein<\/strong><\/td>\n<\/tr>\n<tr>\n<td>Qualit\u00e4tsstufe<\/td>\n<td><strong>QbA<\/strong><\/td>\n<\/tr>\n<tr>\n<td>Rebsorte<\/td>\n<td><strong>Grauer Burgunder<\/strong><\/td>\n<\/tr>\n<\/tbody>\n<\/table>\n<p>&nbsp;<\/p>\n<table style=\"height: 48px\" border=\"0\" width=\"914\" cellspacing=\"0\" cellpadding=\"0\" align=\"'left'\">\n<tbody>\n<tr>\n<td>Bio:<br \/>\n<strong>NEIN<\/strong><\/td>\n<td><\/td>\n<td>vegan:<br \/>\n<strong>NEIN<\/strong><\/td>\n<td><\/td>\n<td>Ursprungsland:<br \/>\n<strong>Deutschland<\/strong><\/td>\n<td>enth\u00e4lt Allergene:<br \/>\n<strong>Sulfite<\/strong><\/td>\n<td><\/td>\n<td><\/td>\n<\/tr>\n<\/tbody>\n<\/table>\n","protected":false},"excerpt":{"rendered":"<p>DER HEIMATVERBUNDENE fruchtig, frischer, leichter Wei\u00dfwein. Grauer Burgunder, trocken ausgebaut, gepr\u00e4gt von sch\u00f6ner Mineralit\u00e4t von unseren kargen Muschelkalkb\u00f6den &#8211; daher auch der Name. Unser &#8222;Muschelkalk&#8220; ist aus den Trauben der Vorlese gemacht. Diese werden knackig reif geerntet und ergeben so fruchtig, frischen Weine. sch\u00f6ne Harmonie zwischen leichter Salzigkeit, Frische, S\u00fc\u00dfe und S\u00e4ure. &nbsp; Alkohol: 11,5 [&hellip;]<\/p>\n","protected":false},"featured_media":1585,"comment_status":"open","ping_status":"closed","template":"","meta":[],"product_cat":[23],"product_tag":[51,39,45,42],"_links":{"self":[{"href":"https:\/\/winzerhof-strebel.de\/catalog\/index.php?rest_route=\/wp\/v2\/product\/1243"}],"collection":[{"href":"https:\/\/winzerhof-strebel.de\/catalog\/index.php?rest_route=\/wp\/v2\/product"}],"about":[{"href":"https:\/\/winzerhof-strebel.de\/catalog\/index.php?rest_route=\/wp\/v2\/types\/product"}],"replies":[{"embeddable":true,"href":"https:\/\/winzerhof-strebel.de\/catalog\/index.php?rest_route=%2Fwp%2Fv2%2Fcomments&post=1243"}],"wp:featuredmedia":[{"embeddable":true,"href":"https:\/\/winzerhof-strebel.de\/catalog\/index.php?rest_route=\/wp\/v2\/media\/1585"}],"wp:attachment":[{"href":"https:\/\/winzerhof-strebel.de\/catalog\/index.php?rest_route=%2Fwp%2Fv2%2Fmedia&parent=1243"}],"wp:term":[{"taxonomy":"product_cat","embeddable":true,"href":"https:\/\/winzerhof-strebel.de\/catalog\/index.php?rest_route=%2Fwp%2Fv2%2Fproduct_cat&post=1243"},{"taxonomy":"product_tag","embeddable":true,"href":"https:\/\/winzerhof-strebel.de\/catalog\/index.php?rest_route=%2Fwp%2Fv2%2Fproduct_tag&post=1243"}],"curies":[{"name":"wp","href":"https:\/\/api.w.org\/{rel}","templated":true}]}}