{"id":1245,"date":"2024-03-01T22:54:56","date_gmt":"2024-03-01T20:54:56","guid":{"rendered":"https:\/\/winzerhof-strebel.de\/catalog\/?post_type=product&#038;p=1245"},"modified":"2026-02-25T10:38:30","modified_gmt":"2026-02-25T08:38:30","slug":"2025-sauvignon-blanc-trocken-becksteiner-kirchberg-075l","status":"publish","type":"product","link":"https:\/\/winzerhof-strebel.de\/catalog\/?product=2025-sauvignon-blanc-trocken-becksteiner-kirchberg-075l","title":{"rendered":"2025 SAUVIGNON BLANC, trocken,  Becksteiner Kirchberg  0,75l"},"content":{"rendered":"<p>Der Weltenbummler und Globetrotter<\/p>\n<p>Moderne Weinstilistik \u2013 extrem Sortentypische Aromatik<\/p>\n<p>Facettenreiche Nase \u2013 dezente Paprika und kr\u00e4ftiges Aroma nach schwarzer Johannisbeere. Cassis<\/p>\n<p>Fruchtige animierende S\u00e4ure mit dezenter S\u00fc\u00dfe<\/p>\n<p>Schlank, elegant, reduktiv \u2013 typischer Sportlertyp<\/p>\n<p>Verf\u00fchrerische Saftigkeit mit mineralischem Unterbau<\/p>\n<p>Animiert zum Nachschenken \u2013 Trinkspa\u00df f\u00fcr Fortgeschrittene und Profis<\/p>\n<p><strong>Alkohol: 12,5 % vol, S\u00e4ure: 6,7 g\/l, Restzucker: 5,5 g\/l<\/strong><\/p>\n<table border=\"0\" width=\"'60%'\" cellspacing=\"0\" cellpadding=\"0\" align=\"'left'\">\n<tbody>\n<tr>\n<td>Inhalt<\/td>\n<td><strong>0,75 Ltr.<\/strong><\/td>\n<\/tr>\n<tr align=\"LEFT\">\n<td>Preis\/Ltr.<\/td>\n<td><strong>12,67 EUR pro Ltr.<\/strong><\/td>\n<\/tr>\n<tr>\n<td>Weinart:<\/td>\n<td><strong>Wei\u00dfwein<\/strong><\/td>\n<\/tr>\n<tr>\n<td>Qualit\u00e4tsstufe<\/td>\n<td><strong>QbA<\/strong><\/td>\n<\/tr>\n<tr>\n<td>Rebsorte<\/td>\n<td><b>Sauvignon Blanc<\/b><\/td>\n<\/tr>\n<\/tbody>\n<\/table>\n<table style=\"height: 50px\" border=\"0\" width=\"487\" cellspacing=\"0\" cellpadding=\"0\" align=\"'left'\">\n<tbody>\n<tr>\n<td>Bio:<br \/>\n<strong>NEIN<\/strong><\/td>\n<td><\/td>\n<td>vegan:<br \/>\n<strong>NEIN<\/strong><\/td>\n<td><\/td>\n<td>Ursprungsland:<br \/>\n<strong>Deutschland<\/strong><\/td>\n<td>enth\u00e4lt Allergene:<br \/>\n<strong>Sulfite<\/strong><\/td>\n<td><\/td>\n<td><\/td>\n<\/tr>\n<\/tbody>\n<\/table>\n","protected":false},"excerpt":{"rendered":"<p>Der Weltenbummler und Globetrotter Moderne Weinstilistik \u2013 extrem Sortentypische Aromatik Facettenreiche Nase \u2013 dezente Paprika und kr\u00e4ftiges Aroma nach schwarzer Johannisbeere. Cassis Fruchtige animierende S\u00e4ure mit dezenter S\u00fc\u00dfe Schlank, elegant, reduktiv \u2013 typischer Sportlertyp Verf\u00fchrerische Saftigkeit mit mineralischem Unterbau Animiert zum Nachschenken \u2013 Trinkspa\u00df f\u00fcr Fortgeschrittene und Profis Alkohol: 12,5 % vol, S\u00e4ure: 6,7 g\/l, [&hellip;]<\/p>\n","protected":false},"featured_media":1583,"comment_status":"closed","ping_status":"closed","template":"","meta":[],"product_cat":[23],"product_tag":[44,45,42],"_links":{"self":[{"href":"https:\/\/winzerhof-strebel.de\/catalog\/index.php?rest_route=\/wp\/v2\/product\/1245"}],"collection":[{"href":"https:\/\/winzerhof-strebel.de\/catalog\/index.php?rest_route=\/wp\/v2\/product"}],"about":[{"href":"https:\/\/winzerhof-strebel.de\/catalog\/index.php?rest_route=\/wp\/v2\/types\/product"}],"replies":[{"embeddable":true,"href":"https:\/\/winzerhof-strebel.de\/catalog\/index.php?rest_route=%2Fwp%2Fv2%2Fcomments&post=1245"}],"wp:featuredmedia":[{"embeddable":true,"href":"https:\/\/winzerhof-strebel.de\/catalog\/index.php?rest_route=\/wp\/v2\/media\/1583"}],"wp:attachment":[{"href":"https:\/\/winzerhof-strebel.de\/catalog\/index.php?rest_route=%2Fwp%2Fv2%2Fmedia&parent=1245"}],"wp:term":[{"taxonomy":"product_cat","embeddable":true,"href":"https:\/\/winzerhof-strebel.de\/catalog\/index.php?rest_route=%2Fwp%2Fv2%2Fproduct_cat&post=1245"},{"taxonomy":"product_tag","embeddable":true,"href":"https:\/\/winzerhof-strebel.de\/catalog\/index.php?rest_route=%2Fwp%2Fv2%2Fproduct_tag&post=1245"}],"curies":[{"name":"wp","href":"https:\/\/api.w.org\/{rel}","templated":true}]}}