{"id":1248,"date":"2024-03-01T22:59:27","date_gmt":"2024-03-01T20:59:27","guid":{"rendered":"https:\/\/winzerhof-strebel.de\/catalog\/?post_type=product&#038;p=1248"},"modified":"2026-04-04T12:42:08","modified_gmt":"2026-04-04T10:42:08","slug":"herzblut-2022-rotweincuvee-halbtrocken-075l","status":"publish","type":"product","link":"https:\/\/winzerhof-strebel.de\/catalog\/?product=herzblut-2022-rotweincuvee-halbtrocken-075l","title":{"rendered":"\u201cHERZBLUT\u201c 2024 Rotweincuve\u00e9 halbtrocken 0,75l"},"content":{"rendered":"<p>Der \u00dcberraschende<\/p>\n<p>Einfach zug\u00e4nglicher Rotwein<br \/>\nMit angenehmer S\u00fcsse und wenig Gerbstoff<\/p>\n<p>Cuve\u00e9 aus Regent und Schwarzriesling<\/p>\n<p>Leicht im Alkohol sch\u00f6n zu trinken. An k\u00fchleren Tagen im Herbst und Sp\u00e4tsommer<\/p>\n<p>Sch\u00f6ne Kirsch- \u00a0und dunkle Beerenaromatik<\/p>\n<p>Typischer Pizza- und Pastawein mit hohem Lifestylewert<\/p>\n<p>Sehr jugendlicher Charakter<\/p>\n<p><strong>Alkohol: 11,0 % vol, S\u00e4ure: 6,3 g\/l, Restzucker: 13,0g\/l <\/strong><\/p>\n<p>&nbsp;<\/p>\n<table border=\"0\" width=\"'60%'\" cellspacing=\"0\" cellpadding=\"0\" align=\"'left'\">\n<tbody>\n<tr>\n<td>Inhalt<\/td>\n<td><strong>0,75 Ltr.<\/strong><\/td>\n<\/tr>\n<tr align=\"LEFT\">\n<td>Preis\/Ltr.<\/td>\n<td><strong>10,00 EUR pro Ltr.<\/strong><\/td>\n<\/tr>\n<tr>\n<td>Weinart:<\/td>\n<td><strong>Rotwein<\/strong><\/td>\n<\/tr>\n<tr>\n<td>Qualit\u00e4tsstufe<\/td>\n<td><strong>QbA<\/strong><\/td>\n<\/tr>\n<tr>\n<td>Rebsorte<\/td>\n<td><b>Regent + Schwarzriesling<\/b><\/td>\n<\/tr>\n<\/tbody>\n<\/table>\n<p>&nbsp;<\/p>\n<table style=\"height: 50px\" border=\"0\" width=\"487\" cellspacing=\"0\" cellpadding=\"0\" align=\"'left'\">\n<tbody>\n<tr>\n<td>Bio:<br \/>\n<strong>NEIN<\/strong><\/td>\n<td><\/td>\n<td>vegan:<br \/>\n<strong>NEIN<\/strong><\/td>\n<td><\/td>\n<td>Ursprungsland:<br \/>\n<strong>Deutschland<\/strong><\/td>\n<td>enth\u00e4lt Allergene:<br \/>\n<strong>Sulfite<\/strong><\/td>\n<td><\/td>\n<td><\/td>\n<\/tr>\n<\/tbody>\n<\/table>\n","protected":false},"excerpt":{"rendered":"<p>Artikel-Nr.: 203<\/p>\n","protected":false},"featured_media":1581,"comment_status":"open","ping_status":"closed","template":"","meta":[],"product_cat":[23],"product_tag":[43,53,54,50],"_links":{"self":[{"href":"https:\/\/winzerhof-strebel.de\/catalog\/index.php?rest_route=\/wp\/v2\/product\/1248"}],"collection":[{"href":"https:\/\/winzerhof-strebel.de\/catalog\/index.php?rest_route=\/wp\/v2\/product"}],"about":[{"href":"https:\/\/winzerhof-strebel.de\/catalog\/index.php?rest_route=\/wp\/v2\/types\/product"}],"replies":[{"embeddable":true,"href":"https:\/\/winzerhof-strebel.de\/catalog\/index.php?rest_route=%2Fwp%2Fv2%2Fcomments&post=1248"}],"wp:featuredmedia":[{"embeddable":true,"href":"https:\/\/winzerhof-strebel.de\/catalog\/index.php?rest_route=\/wp\/v2\/media\/1581"}],"wp:attachment":[{"href":"https:\/\/winzerhof-strebel.de\/catalog\/index.php?rest_route=%2Fwp%2Fv2%2Fmedia&parent=1248"}],"wp:term":[{"taxonomy":"product_cat","embeddable":true,"href":"https:\/\/winzerhof-strebel.de\/catalog\/index.php?rest_route=%2Fwp%2Fv2%2Fproduct_cat&post=1248"},{"taxonomy":"product_tag","embeddable":true,"href":"https:\/\/winzerhof-strebel.de\/catalog\/index.php?rest_route=%2Fwp%2Fv2%2Fproduct_tag&post=1248"}],"curies":[{"name":"wp","href":"https:\/\/api.w.org\/{rel}","templated":true}]}}