{"id":1249,"date":"2024-03-01T23:00:56","date_gmt":"2024-03-01T21:00:56","guid":{"rendered":"https:\/\/winzerhof-strebel.de\/catalog\/?post_type=product&#038;p=1249"},"modified":"2026-02-15T12:29:28","modified_gmt":"2026-02-15T10:29:28","slug":"2022-zweigelt-trocken-becksteiner-kirchberg-075l","status":"publish","type":"product","link":"https:\/\/winzerhof-strebel.de\/catalog\/?product=2022-zweigelt-trocken-becksteiner-kirchberg-075l","title":{"rendered":"2023 ZWEIGELT, trocken, Becksteiner Kirchberg  0,75l"},"content":{"rendered":"<p>Sch\u00f6ner internationaler Rotwein, rassig aber mit dezenter Gerbstoffstruktur<br \/>\nSehr stoffig und trotzdem extrem filigran.<\/p>\n<p>Tiefrote, intensive Farbgebung, tolle Kirscharomatik, leichte W\u00fcrze mit passenden R\u00f6staromen. Dicht, Komplex mit Tiefgang.<\/p>\n<p>Furztrocken ausgebaut mit tollem Trinkfluss und langem Nachhall.<\/p>\n<p>Ideal zu kr\u00e4ftigeren und w\u00fcrzigen Speisen.<\/p>\n<p>&nbsp;<\/p>\n<p><strong>Alkohol: 130, % vol, S\u00e4ure: 5,9 g\/l, Restzucker: 3,2 g\/l<\/strong><\/p>\n<table border=\"0\" width=\"'60%'\" cellspacing=\"0\" cellpadding=\"0\" align=\"'left'\">\n<tbody>\n<tr>\n<td>Inhalt<\/td>\n<td><strong>0,75 Ltr.<\/strong><\/td>\n<\/tr>\n<tr align=\"LEFT\">\n<td>Preis\/Ltr.<\/td>\n<td><strong>12,67 EUR pro Ltr.<\/strong><\/td>\n<\/tr>\n<tr>\n<td>Weinart:<\/td>\n<td><strong>Rotwein<\/strong><\/td>\n<\/tr>\n<tr>\n<td>Qualit\u00e4tsstufe<\/td>\n<td><strong>QbA<\/strong><\/td>\n<\/tr>\n<tr>\n<td>Rebsorte<\/td>\n<td><strong>Zweigelt<\/strong><\/td>\n<\/tr>\n<\/tbody>\n<\/table>\n<table style=\"height: 50px\" border=\"0\" width=\"487\" cellspacing=\"0\" cellpadding=\"0\" align=\"'left'\">\n<tbody>\n<tr>\n<td>Bio:<br \/>\n<strong>NEIN<\/strong><\/td>\n<td><\/td>\n<td>vegan:<br \/>\n<strong>NEIN<\/strong><\/td>\n<td><\/td>\n<td>Ursprungsland:<br \/>\n<strong>Deutschland<\/strong><\/td>\n<td>enth\u00e4lt Allergene:<br \/>\n<strong>Sulfite<\/strong><\/td>\n<td><\/td>\n<td><\/td>\n<\/tr>\n<\/tbody>\n<\/table>\n","protected":false},"excerpt":{"rendered":"<p>Sch\u00f6ner internationaler Rotwein, rassig aber mit dezenter Gerbstoffstruktur Sehr stoffig und trotzdem extrem filigran. Tiefrote, intensive Farbgebung, tolle Kirscharomatik, leichte W\u00fcrze mit passenden R\u00f6staromen. Dicht, Komplex mit Tiefgang. Furztrocken ausgebaut mit tollem Trinkfluss und langem Nachhall. Ideal zu kr\u00e4ftigeren und w\u00fcrzigen Speisen. &nbsp; Alkohol: 130, % vol, S\u00e4ure: 5,9 g\/l, Restzucker: 3,2 g\/l Inhalt 0,75 [&hellip;]<\/p>\n","protected":false},"featured_media":1580,"comment_status":"closed","ping_status":"closed","template":"","meta":[],"product_cat":[23],"product_tag":[50,45],"_links":{"self":[{"href":"https:\/\/winzerhof-strebel.de\/catalog\/index.php?rest_route=\/wp\/v2\/product\/1249"}],"collection":[{"href":"https:\/\/winzerhof-strebel.de\/catalog\/index.php?rest_route=\/wp\/v2\/product"}],"about":[{"href":"https:\/\/winzerhof-strebel.de\/catalog\/index.php?rest_route=\/wp\/v2\/types\/product"}],"replies":[{"embeddable":true,"href":"https:\/\/winzerhof-strebel.de\/catalog\/index.php?rest_route=%2Fwp%2Fv2%2Fcomments&post=1249"}],"wp:featuredmedia":[{"embeddable":true,"href":"https:\/\/winzerhof-strebel.de\/catalog\/index.php?rest_route=\/wp\/v2\/media\/1580"}],"wp:attachment":[{"href":"https:\/\/winzerhof-strebel.de\/catalog\/index.php?rest_route=%2Fwp%2Fv2%2Fmedia&parent=1249"}],"wp:term":[{"taxonomy":"product_cat","embeddable":true,"href":"https:\/\/winzerhof-strebel.de\/catalog\/index.php?rest_route=%2Fwp%2Fv2%2Fproduct_cat&post=1249"},{"taxonomy":"product_tag","embeddable":true,"href":"https:\/\/winzerhof-strebel.de\/catalog\/index.php?rest_route=%2Fwp%2Fv2%2Fproduct_tag&post=1249"}],"curies":[{"name":"wp","href":"https:\/\/api.w.org\/{rel}","templated":true}]}}