{"id":1274,"date":"2024-04-08T10:31:28","date_gmt":"2024-04-08T08:31:28","guid":{"rendered":"https:\/\/winzerhof-strebel.de\/catalog\/?post_type=product&#038;p=1274"},"modified":"2026-02-15T13:08:31","modified_gmt":"2026-02-15T11:08:31","slug":"quittenspirituose-05-l-2","status":"publish","type":"product","link":"https:\/\/winzerhof-strebel.de\/catalog\/?product=quittenspirituose-05-l-2","title":{"rendered":"Quittenspirituose 0,5 l"},"content":{"rendered":"<p>Im Vergleich zum Quittenbrand:<\/p>\n<p>Bei der Quittenspirituose wurden in den Brand noch Quittenst\u00fccke eigelegt. \u00c4hnlich wie bei einem Lik\u00f6r.<\/p>\n<p>Deshalb ist die Farbe auch nicht klar, sonden leicht bronze-farben.<\/p>\n","protected":false},"excerpt":{"rendered":"<p>Im Vergleich zum Quittenbrand: Bei der Quittenspirituose wurden in den Brand noch Quittenst\u00fccke eigelegt. \u00c4hnlich wie bei einem Lik\u00f6r. Deshalb ist die Farbe auch nicht klar, sonden leicht bronze-farben.<\/p>\n","protected":false},"featured_media":1594,"comment_status":"open","ping_status":"closed","template":"","meta":[],"product_cat":[24],"product_tag":[],"_links":{"self":[{"href":"https:\/\/winzerhof-strebel.de\/catalog\/index.php?rest_route=\/wp\/v2\/product\/1274"}],"collection":[{"href":"https:\/\/winzerhof-strebel.de\/catalog\/index.php?rest_route=\/wp\/v2\/product"}],"about":[{"href":"https:\/\/winzerhof-strebel.de\/catalog\/index.php?rest_route=\/wp\/v2\/types\/product"}],"replies":[{"embeddable":true,"href":"https:\/\/winzerhof-strebel.de\/catalog\/index.php?rest_route=%2Fwp%2Fv2%2Fcomments&post=1274"}],"wp:featuredmedia":[{"embeddable":true,"href":"https:\/\/winzerhof-strebel.de\/catalog\/index.php?rest_route=\/wp\/v2\/media\/1594"}],"wp:attachment":[{"href":"https:\/\/winzerhof-strebel.de\/catalog\/index.php?rest_route=%2Fwp%2Fv2%2Fmedia&parent=1274"}],"wp:term":[{"taxonomy":"product_cat","embeddable":true,"href":"https:\/\/winzerhof-strebel.de\/catalog\/index.php?rest_route=%2Fwp%2Fv2%2Fproduct_cat&post=1274"},{"taxonomy":"product_tag","embeddable":true,"href":"https:\/\/winzerhof-strebel.de\/catalog\/index.php?rest_route=%2Fwp%2Fv2%2Fproduct_tag&post=1274"}],"curies":[{"name":"wp","href":"https:\/\/api.w.org\/{rel}","templated":true}]}}