{"id":1574,"date":"2026-02-12T10:54:37","date_gmt":"2026-02-12T08:54:37","guid":{"rendered":"https:\/\/winzerhof-strebel.de\/catalog\/?post_type=product&#038;p=1574"},"modified":"2026-03-04T13:12:56","modified_gmt":"2026-03-04T11:12:56","slug":"fruehlingspaket","status":"publish","type":"product","link":"https:\/\/winzerhof-strebel.de\/catalog\/?product=fruehlingspaket","title":{"rendered":"&#8211; Fr\u00fchlingspaket &#8211;"},"content":{"rendered":"<h3><span style=\"color: #008000\"><strong>PROBIERPAKET\u00a0<\/strong><\/span><\/h3>\n<h4>Passend zum sch\u00f6nen Wetter und dem Beisammensein auf der Terrasse bekommt ihr unser Fr\u00fchlingspaket im 6er Karton zu euch nach Hause gesschickt! (ohne Deko!)<\/h4>\n<h4>Folgende Weine m\u00f6chten euere Fr\u00fchlingsgef\u00fchle verst\u00e4rken und laden zum geselligen Beisammensein ein:<\/h4>\n<h4><strong>\u00a0&#8211; Secco ros\u00e9, QbA, halbtrocken<\/strong><\/h4>\n<h4><strong>\u00a0&#8211; 2025 &#8222;Leidenschaft&#8220; Wei\u00dfweincuve\u00e9 QbA, halbtrocken<\/strong><\/h4>\n<h4><strong>\u00a0&#8211; 2025 &#8222;Muschelkalk&#8220; QbA, trocken\u00a0<\/strong><\/h4>\n<h4><strong>\u00a0&#8211; 2024 Grauer Burgunder, Marbacher Frankenberg, QbA, trocken\u00a0<\/strong><\/h4>\n<h4><strong>\u00a0&#8211; 2025 Sauvignon Blanc, QbA, trocken<\/strong><\/h4>\n<h4><strong>\u00a0&#8211; 2023 Zweigelt, QbA, trocken<\/strong><\/h4>\n<h4>Einen sch\u00f6nen Fr\u00fchling w\u00fcnscht euch<\/h4>\n<h4>Eure Familie Strebel<\/h4>\n","protected":false},"excerpt":{"rendered":"<p>PROBIERPAKET\u00a0 Passend zum sch\u00f6nen Wetter und dem Beisammensein auf der Terrasse bekommt ihr unser Fr\u00fchlingspaket im 6er Karton zu euch nach Hause gesschickt! (ohne Deko!) Folgende Weine m\u00f6chten euere Fr\u00fchlingsgef\u00fchle verst\u00e4rken und laden zum geselligen Beisammensein ein: \u00a0&#8211; Secco ros\u00e9, QbA, halbtrocken \u00a0&#8211; 2025 &#8222;Leidenschaft&#8220; Wei\u00dfweincuve\u00e9 QbA, halbtrocken \u00a0&#8211; 2025 &#8222;Muschelkalk&#8220; QbA, trocken\u00a0 \u00a0&#8211; 2024 [&hellip;]<\/p>\n","protected":false},"featured_media":1614,"comment_status":"closed","ping_status":"closed","template":"","meta":[],"product_cat":[70],"product_tag":[39,52,107,102,108,104,44,59,105,106,109],"_links":{"self":[{"href":"https:\/\/winzerhof-strebel.de\/catalog\/index.php?rest_route=\/wp\/v2\/product\/1574"}],"collection":[{"href":"https:\/\/winzerhof-strebel.de\/catalog\/index.php?rest_route=\/wp\/v2\/product"}],"about":[{"href":"https:\/\/winzerhof-strebel.de\/catalog\/index.php?rest_route=\/wp\/v2\/types\/product"}],"replies":[{"embeddable":true,"href":"https:\/\/winzerhof-strebel.de\/catalog\/index.php?rest_route=%2Fwp%2Fv2%2Fcomments&post=1574"}],"wp:featuredmedia":[{"embeddable":true,"href":"https:\/\/winzerhof-strebel.de\/catalog\/index.php?rest_route=\/wp\/v2\/media\/1614"}],"wp:attachment":[{"href":"https:\/\/winzerhof-strebel.de\/catalog\/index.php?rest_route=%2Fwp%2Fv2%2Fmedia&parent=1574"}],"wp:term":[{"taxonomy":"product_cat","embeddable":true,"href":"https:\/\/winzerhof-strebel.de\/catalog\/index.php?rest_route=%2Fwp%2Fv2%2Fproduct_cat&post=1574"},{"taxonomy":"product_tag","embeddable":true,"href":"https:\/\/winzerhof-strebel.de\/catalog\/index.php?rest_route=%2Fwp%2Fv2%2Fproduct_tag&post=1574"}],"curies":[{"name":"wp","href":"https:\/\/api.w.org\/{rel}","templated":true}]}}