{"id":248,"date":"2016-10-10T10:46:37","date_gmt":"2016-10-10T08:46:37","guid":{"rendered":"http:\/\/winzerhof-strebel.de\/catalog\/?product=2015-schwarzriesling-edition-s-trocken-becksteiner-kirchberg-075l"},"modified":"2026-02-25T10:48:31","modified_gmt":"2026-02-25T08:48:31","slug":"2023-schwarzriesling-edition-s-trocken-becksteiner-kirchberg-075l","status":"publish","type":"product","link":"https:\/\/winzerhof-strebel.de\/catalog\/?product=2023-schwarzriesling-edition-s-trocken-becksteiner-kirchberg-075l","title":{"rendered":"2023 SCHWARZRIESLING \u201c EDITION S \u201c trocken, Becksteiner Kirchberg 0,75 l"},"content":{"rendered":"<p>der Samtig \u2013 Weiche<br \/>\nStoffiger Rotwein mit angenehmer Gerbstoffstruktur<br \/>\nTolles Beerenaroma mit leichtem Holztouch, dezenter R\u00f6staromatik und ein Hauch von Vanille und Karamell<br \/>\nKr\u00e4ftiger K\u00f6rper der sch\u00f6n eingebunden ist \u2013\u00a0<strong>Dicht, komplex mit Tiefgang und langem Nachhall.<\/strong><br \/>\nTypischer vollmundiger Burgunderrotwein \/ Pinottyp<br \/>\n<strong>\u00a0Ein wunderbarer Genie\u00dfer-Wein f\u00fcr die k\u00fchleren Tage und Abende im Jahr.\u00a0<\/strong><\/p>\n<p style=\"text-align: center\"><span style=\"color: #ff0000\"><strong>Der Vorg\u00e4nger wurde ausgezeichnet von Vinum Weinguide 2026 als:<br \/>\n<\/strong><\/span><span style=\"color: #ff0000\"><strong>ROTWEIN DES JAHRES<br \/>\n(in der Kategorie: Rotwein trocken unter 15 \u20ac)<\/strong><\/span><\/p>\n<p>&nbsp;<\/p>\n<p><strong>Alkohol: 13,0 % vol, S\u00e4ure: 5,8 g\/l, Restzucker: 2,8 g\/l<\/strong><\/p>\n<table border=\"0\" width=\"'60%'\" cellspacing=\"0\" cellpadding=\"0\" align=\"'left'\">\n<tbody>\n<tr>\n<td>Inhalt<\/td>\n<td><strong>0,75 Ltr.<\/strong><\/td>\n<\/tr>\n<tr align=\"LEFT\">\n<td>Preis\/Ltr.<\/td>\n<td><strong>18,66 EUR pro Ltr.<\/strong><\/td>\n<\/tr>\n<tr>\n<td>Weinart:<\/td>\n<td><strong>Rotwein<\/strong><\/td>\n<\/tr>\n<tr>\n<td>Qualit\u00e4tsstufe<\/td>\n<td><strong>QbA<\/strong><\/td>\n<\/tr>\n<tr>\n<td>Rebsorte<\/td>\n<td><b>Schwarzriesling<\/b><\/td>\n<\/tr>\n<\/tbody>\n<\/table>\n<p>&nbsp;<\/p>\n<table style=\"height: 50px\" border=\"0\" width=\"487\" cellspacing=\"0\" cellpadding=\"0\" align=\"'left'\">\n<tbody>\n<tr>\n<td>Bio:<br \/>\n<strong>NEIN<\/strong><\/td>\n<td><\/td>\n<td>vegan:<br \/>\n<strong>NEIN<\/strong><\/td>\n<td><\/td>\n<td>Ursprungsland:<br \/>\n<strong>Deutschland<\/strong><\/td>\n<td>enth\u00e4lt Allergene:<br \/>\n<strong>Sulfite<\/strong><\/td>\n<td><\/td>\n<\/tr>\n<\/tbody>\n<\/table>\n","protected":false},"excerpt":{"rendered":"<p>Artikel-nr. 210#11<\/p>\n","protected":false},"featured_media":1588,"comment_status":"closed","ping_status":"closed","template":"","meta":[],"product_cat":[23],"product_tag":[48,47,49,50,46,45],"_links":{"self":[{"href":"https:\/\/winzerhof-strebel.de\/catalog\/index.php?rest_route=\/wp\/v2\/product\/248"}],"collection":[{"href":"https:\/\/winzerhof-strebel.de\/catalog\/index.php?rest_route=\/wp\/v2\/product"}],"about":[{"href":"https:\/\/winzerhof-strebel.de\/catalog\/index.php?rest_route=\/wp\/v2\/types\/product"}],"replies":[{"embeddable":true,"href":"https:\/\/winzerhof-strebel.de\/catalog\/index.php?rest_route=%2Fwp%2Fv2%2Fcomments&post=248"}],"wp:featuredmedia":[{"embeddable":true,"href":"https:\/\/winzerhof-strebel.de\/catalog\/index.php?rest_route=\/wp\/v2\/media\/1588"}],"wp:attachment":[{"href":"https:\/\/winzerhof-strebel.de\/catalog\/index.php?rest_route=%2Fwp%2Fv2%2Fmedia&parent=248"}],"wp:term":[{"taxonomy":"product_cat","embeddable":true,"href":"https:\/\/winzerhof-strebel.de\/catalog\/index.php?rest_route=%2Fwp%2Fv2%2Fproduct_cat&post=248"},{"taxonomy":"product_tag","embeddable":true,"href":"https:\/\/winzerhof-strebel.de\/catalog\/index.php?rest_route=%2Fwp%2Fv2%2Fproduct_tag&post=248"}],"curies":[{"name":"wp","href":"https:\/\/api.w.org\/{rel}","templated":true}]}}