{"id":42,"date":"2015-04-17T09:28:01","date_gmt":"2015-04-17T07:28:01","guid":{"rendered":"http:\/\/winzerhof-strebel.de\/catalog\/?product=artikel-nr-2072011er-kreuznacher-martinsberg-mller-thurgau-tafelwein-halbtrocken-10l"},"modified":"2026-02-25T10:49:55","modified_gmt":"2026-02-25T08:49:55","slug":"leidenschaft-2025-weissweincuvee-halbtrocken-075l","status":"publish","type":"product","link":"https:\/\/winzerhof-strebel.de\/catalog\/?product=leidenschaft-2025-weissweincuvee-halbtrocken-075l","title":{"rendered":"&#8222;LEIDENSCHAFT&#8220;  2025 Wei\u00dfweincuve\u00e9 halbtrocken 0,75l"},"content":{"rendered":"<p>Everybodys\u00b4 Darling und Fruchtmonster!<\/p>\n<p>Cuve\u00e9 aus Grauem Burgunder, Gew\u00fcrztraminer und Bacchus<br \/>\nExotische Frucht gepaart mit angenehmer S\u00fcsse und harmonischer S\u00e4ure<br \/>\nS\u00fcffig leichter Trinkgenuss mit belebender Frische und einem Hauch von Minze<br \/>\nPassend zu lauen Sommerabenden und Feiern zusammen mit guten Freunden<br \/>\nIdeal zu Pasta und Salaten \u2013 leichten Speisen und nat\u00fcrlich zum gem\u00fctlichen Sch\u00f6ppeln<\/p>\n<p><strong>Alkohol: 11,0% vol, S\u00e4ure: 6,4 g\/ltr, \u00a0Restzucker: 12,0 g\/ltr<\/strong><\/p>\n<p>&nbsp;<\/p>\n<table border=\"0\" width=\"'60%'\" cellspacing=\"0\" cellpadding=\"0\" align=\"'left'\">\n<tbody>\n<tr>\n<td>Inhalt<\/td>\n<td><strong>0,75 Ltr.<\/strong><\/td>\n<\/tr>\n<tr align=\"LEFT\">\n<td>Preis\/Ltr.<\/td>\n<td><strong>10 EUR pro Ltr.<\/strong><\/td>\n<\/tr>\n<tr>\n<td>Weinart:<\/td>\n<td><strong>Wei\u00dfwein<\/strong><\/td>\n<\/tr>\n<tr>\n<td>Qualit\u00e4tsstufe<\/td>\n<td><strong>QbA<\/strong><\/td>\n<\/tr>\n<tr>\n<td>Rebsorte<\/td>\n<td><strong>Grauer Burgunder + Bacchus + Sauvignon Blanc<\/strong><\/td>\n<\/tr>\n<\/tbody>\n<\/table>\n<p>&nbsp;<\/p>\n<table style=\"height: 50px\" border=\"0\" width=\"487\" cellspacing=\"0\" cellpadding=\"0\" align=\"'left'\">\n<tbody>\n<tr>\n<td>Bio:<br \/>\n<strong>NEIN<\/strong><\/td>\n<td><\/td>\n<td>vegan:<br \/>\n<strong>NEIN<\/strong><\/td>\n<td><\/td>\n<td>Ursprungsland:<br \/>\n<strong>Deutschland<\/strong><\/td>\n<td>enth\u00e4lt Allergene:<br \/>\n<strong>Sulfite<\/strong><\/td>\n<td><\/td>\n<td><\/td>\n<\/tr>\n<\/tbody>\n<\/table>\n","protected":false},"excerpt":{"rendered":"<p>&#8218;Leidenschaft&#8216; &lt;br&gt; 2021Weisswein Cuv\u00e9e 0,75l&lt;br&gt;<\/p>\n","protected":false},"featured_media":1577,"comment_status":"open","ping_status":"closed","template":"","meta":[],"product_cat":[23],"product_tag":[82,39,43,52,42],"_links":{"self":[{"href":"https:\/\/winzerhof-strebel.de\/catalog\/index.php?rest_route=\/wp\/v2\/product\/42"}],"collection":[{"href":"https:\/\/winzerhof-strebel.de\/catalog\/index.php?rest_route=\/wp\/v2\/product"}],"about":[{"href":"https:\/\/winzerhof-strebel.de\/catalog\/index.php?rest_route=\/wp\/v2\/types\/product"}],"replies":[{"embeddable":true,"href":"https:\/\/winzerhof-strebel.de\/catalog\/index.php?rest_route=%2Fwp%2Fv2%2Fcomments&post=42"}],"wp:featuredmedia":[{"embeddable":true,"href":"https:\/\/winzerhof-strebel.de\/catalog\/index.php?rest_route=\/wp\/v2\/media\/1577"}],"wp:attachment":[{"href":"https:\/\/winzerhof-strebel.de\/catalog\/index.php?rest_route=%2Fwp%2Fv2%2Fmedia&parent=42"}],"wp:term":[{"taxonomy":"product_cat","embeddable":true,"href":"https:\/\/winzerhof-strebel.de\/catalog\/index.php?rest_route=%2Fwp%2Fv2%2Fproduct_cat&post=42"},{"taxonomy":"product_tag","embeddable":true,"href":"https:\/\/winzerhof-strebel.de\/catalog\/index.php?rest_route=%2Fwp%2Fv2%2Fproduct_tag&post=42"}],"curies":[{"name":"wp","href":"https:\/\/api.w.org\/{rel}","templated":true}]}}