{"id":447,"date":"2019-06-06T12:48:31","date_gmt":"2019-06-06T10:48:31","guid":{"rendered":"https:\/\/winzerhof-strebel.de\/catalog\/?post_type=product&#038;p=447"},"modified":"2026-02-25T10:47:19","modified_gmt":"2026-02-25T08:47:19","slug":"2023-tauberschwarz-trocken-becksteiner-kirchberg-075l","status":"publish","type":"product","link":"https:\/\/winzerhof-strebel.de\/catalog\/?product=2023-tauberschwarz-trocken-becksteiner-kirchberg-075l","title":{"rendered":"2023 TAUBERSCHWARZ,  trocken, Becksteiner Kirchberg  0,75l"},"content":{"rendered":"<p><strong>Der Bodenst\u00e4ndige und Heimatverbundene<\/strong><\/p>\n<p>100% Tauberschwarz !!!<\/p>\n<p>Klassisch tauberfr\u00e4nkischer Rotwein, sehr mineralisch mit dezenter Gerbstoffstruktur<br \/>\nSehr stoffig mit dezenter S\u00e4ure und rassigem K\u00f6rper.<\/p>\n<p>Dunkelrote Farbgebung durch konsequente qualit\u00e4tsorientierte Arbeit im Weinberg.<\/p>\n<p>Tolle Kirscharomatik in der Nase und sehr w\u00fcrzig am Gaumen<br \/>\nPassender Essensbegleiter f\u00fcr kr\u00e4ftigere Speisen und dunklem Fleisch<\/p>\n<p>&nbsp;<\/p>\n<p><strong>Alkohol: 12,5 % vol, S\u00e4ure: 5,8 g\/l, Restzucker: 7,3 g\/l<\/strong><\/p>\n<table border=\"0\" width=\"'60%'\" cellspacing=\"0\" cellpadding=\"0\" align=\"'left'\">\n<tbody>\n<tr>\n<td>Inhalt<\/td>\n<td><strong>0,75 Ltr.<\/strong><\/td>\n<\/tr>\n<tr align=\"LEFT\">\n<td>Preis\/Ltr.<\/td>\n<td><strong>16,00 EUR pro Ltr.<\/strong><\/td>\n<\/tr>\n<tr>\n<td>Weinart:<\/td>\n<td><strong>Rotwein<\/strong><\/td>\n<\/tr>\n<tr>\n<td>Qualit\u00e4tsstufe<\/td>\n<td><strong>QbA<\/strong><\/td>\n<\/tr>\n<tr>\n<td>Rebsorte<\/td>\n<td><strong>Tauberschwarz<\/strong><\/td>\n<\/tr>\n<\/tbody>\n<\/table>\n<table style=\"height: 50px\" border=\"0\" width=\"487\" cellspacing=\"0\" cellpadding=\"0\" align=\"'left'\">\n<tbody>\n<tr>\n<td>Bio:<br \/>\n<strong>NEIN<\/strong><\/td>\n<td><\/td>\n<td>vegan:<br \/>\n<strong>NEIN<\/strong><\/td>\n<td><\/td>\n<td>Ursprungsland:<br \/>\n<strong>Deutschland<\/strong><\/td>\n<td>enth\u00e4lt Allergene:<br \/>\n<strong>Sulfite<\/strong><\/td>\n<td><\/td>\n<td><\/td>\n<\/tr>\n<\/tbody>\n<\/table>\n","protected":false},"excerpt":{"rendered":"<p>Der Bodenst\u00e4ndige und Heimatverbundene 100% Tauberschwarz !!! Klassisch tauberfr\u00e4nkischer Rotwein, sehr mineralisch mit dezenter Gerbstoffstruktur Sehr stoffig mit dezenter S\u00e4ure und rassigem K\u00f6rper. Dunkelrote Farbgebung durch konsequente qualit\u00e4tsorientierte Arbeit im Weinberg. Tolle Kirscharomatik in der Nase und sehr w\u00fcrzig am Gaumen Passender Essensbegleiter f\u00fcr kr\u00e4ftigere Speisen und dunklem Fleisch &nbsp; Alkohol: 12,5 % vol, S\u00e4ure: [&hellip;]<\/p>\n","protected":false},"featured_media":977,"comment_status":"closed","ping_status":"closed","template":"","meta":[],"product_cat":[23],"product_tag":[50,45],"_links":{"self":[{"href":"https:\/\/winzerhof-strebel.de\/catalog\/index.php?rest_route=\/wp\/v2\/product\/447"}],"collection":[{"href":"https:\/\/winzerhof-strebel.de\/catalog\/index.php?rest_route=\/wp\/v2\/product"}],"about":[{"href":"https:\/\/winzerhof-strebel.de\/catalog\/index.php?rest_route=\/wp\/v2\/types\/product"}],"replies":[{"embeddable":true,"href":"https:\/\/winzerhof-strebel.de\/catalog\/index.php?rest_route=%2Fwp%2Fv2%2Fcomments&post=447"}],"wp:featuredmedia":[{"embeddable":true,"href":"https:\/\/winzerhof-strebel.de\/catalog\/index.php?rest_route=\/wp\/v2\/media\/977"}],"wp:attachment":[{"href":"https:\/\/winzerhof-strebel.de\/catalog\/index.php?rest_route=%2Fwp%2Fv2%2Fmedia&parent=447"}],"wp:term":[{"taxonomy":"product_cat","embeddable":true,"href":"https:\/\/winzerhof-strebel.de\/catalog\/index.php?rest_route=%2Fwp%2Fv2%2Fproduct_cat&post=447"},{"taxonomy":"product_tag","embeddable":true,"href":"https:\/\/winzerhof-strebel.de\/catalog\/index.php?rest_route=%2Fwp%2Fv2%2Fproduct_tag&post=447"}],"curies":[{"name":"wp","href":"https:\/\/api.w.org\/{rel}","templated":true}]}}